{"id":278,"date":"2024-12-03T09:01:49","date_gmt":"2024-12-03T09:01:49","guid":{"rendered":"https:\/\/hab-servis.hr\/wp\/home\/"},"modified":"2025-01-07T12:26:56","modified_gmt":"2025-01-07T12:26:56","slug":"home","status":"publish","type":"page","link":"https:\/\/hab-servis.hr\/wp\/","title":{"rendered":"Home"},"content":{"rendered":"\n\n\n<p><br><\/p>\n<p><br><\/p>\n<p><br><\/p>\n<p><br><\/p>\n\n\n<h6>brz i pouzdan<\/h6>\n<h2>popravak<\/h2>\n<p>Lorem Ipsum has been the industry&#8217;s standard dummy text ever since the 1500s.<\/p>\n<p>Popravak, servis, ugradnja i pu\u0161tanje u rad frekvencijskih pretvara\u010da, DC regulatora, soft startera, napajanja, termo rehulatoira, broja\u010da, te ostale industrijske elektronike, automatike i ure\u0111aja.<\/p>\n<p>Popravak i servis sematic SDS PWM drive-a, Fermator-a, te ostale elektronike za dizala.<\/p>\n<p>Ugradnja i zamjena sklopni\u010dke tehnike, vremenskih releja, solid state-ova, termo regulatora, sondi i senzora, sklopki, tipkala i sl.<\/p>\n<p>Popravak, servis, odr\u017eavanje i pu\u0161tanje u rad strojeva u podru\u010dju elektronike, elektrike i automatike.<\/p>\n<p>Izrada, servis, dorada i odr\u017eavanje razvodnih ormara za strojeve.<\/p>\n<p>Sva ostala industrijska elektronika<\/p>\n\n\n\n\n\n\n\n<h6>Za\u0161to je to bitno?<\/h6>\n<h2>odr\u017eavanje<\/h2>\n<p>Da bi strojevi i ure\u0111aji radili nesmetano i sigurno bitno je pobrinuti se da spojevi \u017eica nisu lo\u0161i, sistemi hla\u0111enja (ventilatori) na ure\u0111ajima i razvodnim ormarima rade nesmetano i kvalitetno, te da to provodi stru\u010dna osoba sa znanjem i iskustvom.<\/p>\n\n\n\n\n<span style=\"color:#0066cc;\">Novo u ponudi<\/span>\n\n\n\n\n\n\n\n\n\n\n\n\n\n\n\n\n\n\n\n\n\n\n\n\n<span style=\"color:#cce0f5;\">Termovizijska kamera<\/span>\n<p style=\"color: rgb(204, 224, 245);\">Infracrvena termovizijska kamera najbolji je instrument za mjerenje temperature jer nudi &#8221; jasnu sliku, precizno mjerenje, jednostvan radi i laku prenosivost&#8221;, \u0161to je \u010dini najboljom opcijom za primjene kao \u0161to je preventivno odr\u017eavanje.<\/p>\n<p style=\"color: rgb(204, 224, 245);\"><span style=\"color: rgb(204, 224, 245); text-decoration-style: initial;\">Infracrvene toplinske kamere mogu se \u0161iroko koristiti u elektroenergetskoj, elektronici i gra\u0111evinarstvu, energetici, talionici, petrokemijskoj, \u017eeljezni\u010dkoj, automobilskoj i drugim industrijama.<\/span><\/p>\n\n\n\n\n\n\n<h2>\n\n\n\n\n\n\n\n<hr><\/h2><h2 style=\"color: rgb(102, 163, 224);\">kontaktirajte nas<\/h2>\n\n\n\n\n\n\n\n\n\n\n\n\n\n\n\n<p style=\"text-align: center; \"><br><\/p>\n\n\n\n<p><br><\/p>\n\n\n\n<span style=\"color: rgb(255, 255, 255);\"><\/span><p><span style=\"font-size: 14px; color: rgb(255, 255, 255);\">pon &#8211; pet: 08:00 &#8211; 16:00<\/span><\/p><p><span style=\"font-size: 14px; color: rgb(255, 255, 255);\">Sub &#8211; ned: zatvoreno<\/span><\/p><p><br><\/p><span style=\"color: rgb(255, 255, 255);\"><\/span>\n\n\n<span style=\"color: rgb(255, 255, 255);\"><\/span><p><span style=\"color: rgb(255, 255, 255); font-size: 14px;\">hitne i sve ostale intervencije prema dogovoru<\/span><\/p><span style=\"color: rgb(255, 255, 255);\"><\/span>\n\n\n","protected":false},"excerpt":{"rendered":"","protected":false},"author":1,"featured_media":0,"parent":0,"menu_order":0,"comment_status":"closed","ping_status":"closed","template":"","meta":{"saved_in_kubio":false,"pagelayer_contact_templates":[],"_pagelayer_content":"","footnotes":""},"class_list":["post-278","page","type-page","status-publish","hentry"],"kubio_ai_page_context":{"short_desc":"","purpose":"general"},"yoast_head":"<!-- This site is optimized with the Yoast SEO plugin v24.2 - https:\/\/yoast.com\/wordpress\/plugins\/seo\/ -->\n<title>Home - HAB-SERVIS d.o.o.<\/title>\n<meta name=\"robots\" content=\"index, follow, max-snippet:-1, max-image-preview:large, max-video-preview:-1\" \/>\n<link rel=\"canonical\" href=\"https:\/\/hab-servis.hr\/wp\/\" \/>\n<meta property=\"og:locale\" content=\"hr_HR\" \/>\n<meta property=\"og:type\" content=\"article\" \/>\n<meta property=\"og:title\" content=\"Home - HAB-SERVIS d.o.o.\" \/>\n<meta property=\"og:url\" content=\"https:\/\/hab-servis.hr\/wp\/\" \/>\n<meta property=\"og:site_name\" content=\"HAB-SERVIS d.o.o.\" \/>\n<meta property=\"article:publisher\" content=\"https:\/\/www.facebook.com\/profile.php?id=100046184036280\" \/>\n<meta property=\"article:modified_time\" content=\"2025-01-07T12:26:56+00:00\" \/>\n<meta name=\"twitter:card\" content=\"summary_large_image\" \/>\n<meta name=\"twitter:label1\" content=\"Procijenjeno vrijeme \u010ditanja\" \/>\n\t<meta name=\"twitter:data1\" content=\"1 minuta\" \/>\n<script type=\"application\/ld+json\" class=\"yoast-schema-graph\">{\"@context\":\"https:\/\/schema.org\",\"@graph\":[{\"@type\":\"WebPage\",\"@id\":\"https:\/\/hab-servis.hr\/wp\/\",\"url\":\"https:\/\/hab-servis.hr\/wp\/\",\"name\":\"Home - HAB-SERVIS d.o.o.\",\"isPartOf\":{\"@id\":\"https:\/\/hab-servis.hr\/wp\/#website\"},\"datePublished\":\"2024-12-03T09:01:49+00:00\",\"dateModified\":\"2025-01-07T12:26:56+00:00\",\"breadcrumb\":{\"@id\":\"https:\/\/hab-servis.hr\/wp\/#breadcrumb\"},\"inLanguage\":\"hr\",\"potentialAction\":[{\"@type\":\"ReadAction\",\"target\":[\"https:\/\/hab-servis.hr\/wp\/\"]}]},{\"@type\":\"BreadcrumbList\",\"@id\":\"https:\/\/hab-servis.hr\/wp\/#breadcrumb\",\"itemListElement\":[{\"@type\":\"ListItem\",\"position\":1,\"name\":\"Po\u010detna stranica\",\"item\":\"https:\/\/hab-servis.hr\/wp\/\"},{\"@type\":\"ListItem\",\"position\":2,\"name\":\"Home\"}]},{\"@type\":\"WebSite\",\"@id\":\"https:\/\/hab-servis.hr\/wp\/#website\",\"url\":\"https:\/\/hab-servis.hr\/wp\/\",\"name\":\"HAB-SERVIS d.o.o.\",\"description\":\"Servis industrijske elektronike\",\"publisher\":{\"@id\":\"https:\/\/hab-servis.hr\/wp\/#organization\"},\"potentialAction\":[{\"@type\":\"SearchAction\",\"target\":{\"@type\":\"EntryPoint\",\"urlTemplate\":\"https:\/\/hab-servis.hr\/wp\/?s={search_term_string}\"},\"query-input\":{\"@type\":\"PropertyValueSpecification\",\"valueRequired\":true,\"valueName\":\"search_term_string\"}}],\"inLanguage\":\"hr\"},{\"@type\":\"Organization\",\"@id\":\"https:\/\/hab-servis.hr\/wp\/#organization\",\"name\":\"HAB-SERVIS d.o.o.\",\"url\":\"https:\/\/hab-servis.hr\/wp\/\",\"logo\":{\"@type\":\"ImageObject\",\"inLanguage\":\"hr\",\"@id\":\"https:\/\/hab-servis.hr\/wp\/#\/schema\/logo\/image\/\",\"url\":\"https:\/\/hab-servis.hr\/wp\/wp-content\/uploads\/2024\/11\/HAB-Logo-Final.png\",\"contentUrl\":\"https:\/\/hab-servis.hr\/wp\/wp-content\/uploads\/2024\/11\/HAB-Logo-Final.png\",\"width\":2054,\"height\":2054,\"caption\":\"HAB-SERVIS d.o.o.\"},\"image\":{\"@id\":\"https:\/\/hab-servis.hr\/wp\/#\/schema\/logo\/image\/\"},\"sameAs\":[\"https:\/\/www.facebook.com\/profile.php?id=100046184036280\"]}]}<\/script>\n<!-- \/ Yoast SEO plugin. -->","yoast_head_json":{"title":"Home - HAB-SERVIS d.o.o.","robots":{"index":"index","follow":"follow","max-snippet":"max-snippet:-1","max-image-preview":"max-image-preview:large","max-video-preview":"max-video-preview:-1"},"canonical":"https:\/\/hab-servis.hr\/wp\/","og_locale":"hr_HR","og_type":"article","og_title":"Home - HAB-SERVIS d.o.o.","og_url":"https:\/\/hab-servis.hr\/wp\/","og_site_name":"HAB-SERVIS d.o.o.","article_publisher":"https:\/\/www.facebook.com\/profile.php?id=100046184036280","article_modified_time":"2025-01-07T12:26:56+00:00","twitter_card":"summary_large_image","twitter_misc":{"Procijenjeno vrijeme \u010ditanja":"1 minuta"},"schema":{"@context":"https:\/\/schema.org","@graph":[{"@type":"WebPage","@id":"https:\/\/hab-servis.hr\/wp\/","url":"https:\/\/hab-servis.hr\/wp\/","name":"Home - HAB-SERVIS d.o.o.","isPartOf":{"@id":"https:\/\/hab-servis.hr\/wp\/#website"},"datePublished":"2024-12-03T09:01:49+00:00","dateModified":"2025-01-07T12:26:56+00:00","breadcrumb":{"@id":"https:\/\/hab-servis.hr\/wp\/#breadcrumb"},"inLanguage":"hr","potentialAction":[{"@type":"ReadAction","target":["https:\/\/hab-servis.hr\/wp\/"]}]},{"@type":"BreadcrumbList","@id":"https:\/\/hab-servis.hr\/wp\/#breadcrumb","itemListElement":[{"@type":"ListItem","position":1,"name":"Po\u010detna stranica","item":"https:\/\/hab-servis.hr\/wp\/"},{"@type":"ListItem","position":2,"name":"Home"}]},{"@type":"WebSite","@id":"https:\/\/hab-servis.hr\/wp\/#website","url":"https:\/\/hab-servis.hr\/wp\/","name":"HAB-SERVIS d.o.o.","description":"Servis industrijske elektronike","publisher":{"@id":"https:\/\/hab-servis.hr\/wp\/#organization"},"potentialAction":[{"@type":"SearchAction","target":{"@type":"EntryPoint","urlTemplate":"https:\/\/hab-servis.hr\/wp\/?s={search_term_string}"},"query-input":{"@type":"PropertyValueSpecification","valueRequired":true,"valueName":"search_term_string"}}],"inLanguage":"hr"},{"@type":"Organization","@id":"https:\/\/hab-servis.hr\/wp\/#organization","name":"HAB-SERVIS d.o.o.","url":"https:\/\/hab-servis.hr\/wp\/","logo":{"@type":"ImageObject","inLanguage":"hr","@id":"https:\/\/hab-servis.hr\/wp\/#\/schema\/logo\/image\/","url":"https:\/\/hab-servis.hr\/wp\/wp-content\/uploads\/2024\/11\/HAB-Logo-Final.png","contentUrl":"https:\/\/hab-servis.hr\/wp\/wp-content\/uploads\/2024\/11\/HAB-Logo-Final.png","width":2054,"height":2054,"caption":"HAB-SERVIS d.o.o."},"image":{"@id":"https:\/\/hab-servis.hr\/wp\/#\/schema\/logo\/image\/"},"sameAs":["https:\/\/www.facebook.com\/profile.php?id=100046184036280"]}]}},"_links":{"self":[{"href":"https:\/\/hab-servis.hr\/wp\/wp-json\/wp\/v2\/pages\/278","targetHints":{"allow":["GET"]}}],"collection":[{"href":"https:\/\/hab-servis.hr\/wp\/wp-json\/wp\/v2\/pages"}],"about":[{"href":"https:\/\/hab-servis.hr\/wp\/wp-json\/wp\/v2\/types\/page"}],"author":[{"embeddable":true,"href":"https:\/\/hab-servis.hr\/wp\/wp-json\/wp\/v2\/users\/1"}],"replies":[{"embeddable":true,"href":"https:\/\/hab-servis.hr\/wp\/wp-json\/wp\/v2\/comments?post=278"}],"version-history":[{"count":16,"href":"https:\/\/hab-servis.hr\/wp\/wp-json\/wp\/v2\/pages\/278\/revisions"}],"predecessor-version":[{"id":489,"href":"https:\/\/hab-servis.hr\/wp\/wp-json\/wp\/v2\/pages\/278\/revisions\/489"}],"wp:attachment":[{"href":"https:\/\/hab-servis.hr\/wp\/wp-json\/wp\/v2\/media?parent=278"}],"curies":[{"name":"wp","href":"https:\/\/api.w.org\/{rel}","templated":true}]}}